{"id":1296,"date":"2023-05-28T21:58:20","date_gmt":"2023-05-28T21:58:20","guid":{"rendered":"http:\/\/nezy.be\/?page_id=1296"},"modified":"2023-05-28T22:02:11","modified_gmt":"2023-05-28T22:02:11","slug":"privacy-policy","status":"publish","type":"page","link":"https:\/\/nezy.be\/index.php\/privacy-policy\/","title":{"rendered":"Privacy policy"},"content":{"rendered":"\t\t<div data-elementor-type=\"wp-page\" data-elementor-id=\"1296\" class=\"elementor elementor-1296\">\n\t\t\t\t\t\t\t\t\t<section class=\"elementor-section elementor-top-section elementor-element elementor-element-322a077 elementor-section-boxed elementor-section-height-default elementor-section-height-default\" data-id=\"322a077\" data-element_type=\"section\">\n\t\t\t\t\t\t<div class=\"elementor-container elementor-column-gap-default\">\n\t\t\t\t\t<div class=\"elementor-column elementor-col-100 elementor-top-column elementor-element elementor-element-73003e4\" data-id=\"73003e4\" data-element_type=\"column\">\n\t\t\t<div class=\"elementor-widget-wrap elementor-element-populated\">\n\t\t\t\t\t\t\t\t<div class=\"elementor-element elementor-element-7a5fc73 elementor-widget elementor-widget-heading\" data-id=\"7a5fc73\" data-element_type=\"widget\" data-widget_type=\"heading.default\">\n\t\t\t\t<div class=\"elementor-widget-container\">\n\t\t\t<style>\/*! elementor - v3.6.4 - 13-04-2022 *\/\n.elementor-heading-title{padding:0;margin:0;line-height:1}.elementor-widget-heading .elementor-heading-title[class*=elementor-size-]>a{color:inherit;font-size:inherit;line-height:inherit}.elementor-widget-heading .elementor-heading-title.elementor-size-small{font-size:15px}.elementor-widget-heading .elementor-heading-title.elementor-size-medium{font-size:19px}.elementor-widget-heading .elementor-heading-title.elementor-size-large{font-size:29px}.elementor-widget-heading .elementor-heading-title.elementor-size-xl{font-size:39px}.elementor-widget-heading .elementor-heading-title.elementor-size-xxl{font-size:59px}<\/style><h2 class=\"elementor-heading-title elementor-size-default\">Politique de confidentialit\u00e9\n<\/h2>\t\t<\/div>\n\t\t\t\t<\/div>\n\t\t\t\t<div class=\"elementor-element elementor-element-a6fb794 elementor-widget elementor-widget-text-editor\" data-id=\"a6fb794\" data-element_type=\"widget\" data-widget_type=\"text-editor.default\">\n\t\t\t\t<div class=\"elementor-widget-container\">\n\t\t\t<style>\/*! elementor - v3.6.4 - 13-04-2022 *\/\n.elementor-widget-text-editor.elementor-drop-cap-view-stacked .elementor-drop-cap{background-color:#818a91;color:#fff}.elementor-widget-text-editor.elementor-drop-cap-view-framed .elementor-drop-cap{color:#818a91;border:3px solid;background-color:transparent}.elementor-widget-text-editor:not(.elementor-drop-cap-view-default) .elementor-drop-cap{margin-top:8px}.elementor-widget-text-editor:not(.elementor-drop-cap-view-default) .elementor-drop-cap-letter{width:1em;height:1em}.elementor-widget-text-editor .elementor-drop-cap{float:left;text-align:center;line-height:1;font-size:50px}.elementor-widget-text-editor .elementor-drop-cap-letter{display:inline-block}<\/style>\t\t\t\t<p>Chez NEZY BEAUTY INSTITUT, nous accordons une grande importance \u00e0 la protection de vos informations personnelles. Cette politique de confidentialit\u00e9 explique comment nous collectons, utilisons et prot\u00e9geons vos donn\u00e9es lorsque vous utilisez notre site web et nos services. Nous nous engageons \u00e0 respecter la l\u00e9gislation en vigueur sur la protection des donn\u00e9es personnelles.<\/p><h4><strong>Collecte d&rsquo;informations :<\/strong><\/h4><p>Nous pouvons collecter certaines informations personnelles, telles que votre nom, adresse e-mail, num\u00e9ro de t\u00e9l\u00e9phone, afin de pouvoir r\u00e9pondre \u00e0 vos demandes de r\u00e9servation et de vous fournir nos services. Nous ne collectons que les informations n\u00e9cessaires et nous nous engageons \u00e0 les utiliser uniquement \u00e0 des fins l\u00e9gitimes.<\/p><h4><strong>Utilisation des informations :<\/strong><\/h4><p>Les informations personnelles que vous nous fournissez seront utilis\u00e9es pour vous contacter, r\u00e9pondre \u00e0 vos demandes de r\u00e9servation, personnaliser nos services en fonction de vos pr\u00e9f\u00e9rences, et vous tenir inform\u00e9(e) des offres sp\u00e9ciales et des nouveaut\u00e9s de NEZY BEAUTY INSTITUT. Nous ne vendrons, ne louerons ni ne partagerons vos informations personnelles avec des tiers, sauf si cela est n\u00e9cessaire pour vous fournir nos services ou si la loi l&rsquo;exige.<\/p><h4><strong>Protection des informations :<\/strong><\/h4><p>Nous prenons des mesures de s\u00e9curit\u00e9 appropri\u00e9es pour prot\u00e9ger vos informations personnelles contre tout acc\u00e8s non autoris\u00e9, alt\u00e9ration, divulgation ou destruction. Nous utilisons des protocoles de s\u00e9curit\u00e9 standard pour garantir la confidentialit\u00e9 et l&rsquo;int\u00e9grit\u00e9 de vos donn\u00e9es.<\/p><h4><strong>Cookies<\/strong> :<\/h4><p>Nous utilisons des cookies sur notre site web pour am\u00e9liorer votre exp\u00e9rience de navigation. Les cookies sont de petits fichiers texte qui sont stock\u00e9s sur votre appareil lorsque vous visitez notre site. Ils nous permettent de vous reconna\u00eetre lors de vos visites ult\u00e9rieures, de personnaliser votre exp\u00e9rience et d&rsquo;analyser le trafic sur notre site. Vous avez la possibilit\u00e9 de d\u00e9sactiver les cookies dans les param\u00e8tres de votre navigateur, mais veuillez noter que cela pourrait affecter certaines fonctionnalit\u00e9s de notre site.<\/p><h4><strong>Liens vers des sites tiers :<\/strong><\/h4><p>Notre site web peut contenir des liens vers des sites tiers. Veuillez noter que cette politique de confidentialit\u00e9 ne s&rsquo;applique pas aux pratiques de confidentialit\u00e9 de ces sites. Nous vous encourageons \u00e0 consulter les politiques de confidentialit\u00e9 de ces sites avant de fournir vos informations personnelles.<\/p><h4><strong>Modification de la politique de confidentialit\u00e9 :<\/strong><\/h4><p>Nous nous r\u00e9servons le droit de modifier cette politique de confidentialit\u00e9 \u00e0 tout moment. Toute modification sera publi\u00e9e sur notre site web et entrera en vigueur d\u00e8s sa publication. Nous vous encourageons \u00e0 consulter r\u00e9guli\u00e8rement cette page pour rester inform\u00e9(e) de toute mise \u00e0 jour.<\/p><p>Si vous avez des questions concernant notre politique de confidentialit\u00e9, n&rsquo;h\u00e9sitez pas \u00e0 nous contacter \u00e0 l&rsquo;adresse indiqu\u00e9e dans la section \u00ab\u00a0Contact\u00a0\u00bb de notre site.<\/p>\t\t\t\t\t\t<\/div>\n\t\t\t\t<\/div>\n\t\t\t\t\t<\/div>\n\t\t<\/div>\n\t\t\t\t\t\t\t<\/div>\n\t\t<\/section>\n\t\t\t\t\t\t\t<\/div>\n\t\t","protected":false},"excerpt":{"rendered":"<p>Politique de confidentialit\u00e9 Chez NEZY BEAUTY INSTITUT, nous accordons une grande importance \u00e0 la protection de vos informations personnelles. Cette politique de confidentialit\u00e9 explique comment nous collectons, utilisons et prot\u00e9geons vos donn\u00e9es lorsque vous utilisez notre site web et nos services. Nous nous engageons \u00e0 respecter la l\u00e9gislation en vigueur sur la protection des donn\u00e9es &hellip;<\/p>\n<p class=\"read-more\"> <a class=\"\" href=\"https:\/\/nezy.be\/index.php\/privacy-policy\/\"> <span class=\"screen-reader-text\">Privacy policy<\/span> Lire la suite\u00a0\u00bb<\/a><\/p>\n","protected":false},"author":1,"featured_media":0,"parent":0,"menu_order":0,"comment_status":"closed","ping_status":"closed","template":"","meta":{"site-sidebar-layout":"no-sidebar","site-content-layout":"page-builder","ast-global-header-display":"","ast-main-header-display":"","ast-hfb-above-header-display":"","ast-hfb-below-header-display":"","ast-hfb-mobile-header-display":"","site-post-title":"disabled","ast-breadcrumbs-content":"","ast-featured-img":"disabled","footer-sml-layout":"","theme-transparent-header-meta":"","adv-header-id-meta":"","stick-header-meta":"","header-above-stick-meta":"","header-main-stick-meta":"","header-below-stick-meta":""},"_links":{"self":[{"href":"https:\/\/nezy.be\/index.php\/wp-json\/wp\/v2\/pages\/1296"}],"collection":[{"href":"https:\/\/nezy.be\/index.php\/wp-json\/wp\/v2\/pages"}],"about":[{"href":"https:\/\/nezy.be\/index.php\/wp-json\/wp\/v2\/types\/page"}],"author":[{"embeddable":true,"href":"https:\/\/nezy.be\/index.php\/wp-json\/wp\/v2\/users\/1"}],"replies":[{"embeddable":true,"href":"https:\/\/nezy.be\/index.php\/wp-json\/wp\/v2\/comments?post=1296"}],"version-history":[{"count":4,"href":"https:\/\/nezy.be\/index.php\/wp-json\/wp\/v2\/pages\/1296\/revisions"}],"predecessor-version":[{"id":1300,"href":"https:\/\/nezy.be\/index.php\/wp-json\/wp\/v2\/pages\/1296\/revisions\/1300"}],"wp:attachment":[{"href":"https:\/\/nezy.be\/index.php\/wp-json\/wp\/v2\/media?parent=1296"}],"curies":[{"name":"wp","href":"https:\/\/api.w.org\/{rel}","templated":true}]}}